{"id":19,"date":"2024-10-23T16:14:52","date_gmt":"2024-10-23T16:14:52","guid":{"rendered":"https:\/\/dcbygoganlaeg.dk\/?page_id=19"},"modified":"2024-10-25T08:31:44","modified_gmt":"2024-10-25T08:31:44","slug":"forside","status":"publish","type":"page","link":"https:\/\/dcbygoganlaeg.dk\/","title":{"rendered":"Forside"},"content":{"rendered":"<div  class='flex_column av-xhq3-5b5417ad0b358c170c1ec67b2cb65ff0 av_one_full  avia-builder-el-0  el_before_av_one_third  avia-builder-el-first  first flex_column_div  '     ><p>\n<style type=\"text\/css\" data-created_by=\"avia_inline_auto\" id=\"style-css-av-m2m2vf6i-840247e41a30c5389aa4503394cffdf4\">\n.avia-image-container.av-m2m2vf6i-840247e41a30c5389aa4503394cffdf4 img.avia_image{\nbox-shadow:none;\n}\n.avia-image-container.av-m2m2vf6i-840247e41a30c5389aa4503394cffdf4 .av-image-caption-overlay-center{\ncolor:#ffffff;\n}\n<\/style>\n<div  class='avia-image-container av-m2m2vf6i-840247e41a30c5389aa4503394cffdf4 av-styling- avia-align-center  avia-builder-el-1  el_before_av_heading  avia-builder-el-first '   itemprop=\"image\" itemscope=\"itemscope\" itemtype=\"https:\/\/schema.org\/ImageObject\" ><div class=\"avia-image-container-inner\"><div class=\"avia-image-overlay-wrap\"><img decoding=\"async\" fetchpriority=\"high\" class='wp-image-16 avia-img-lazy-loading-not-16 avia_image ' src=\"https:\/\/dcbygoganlaeg.dk\/wp-content\/uploads\/2024\/10\/dcba_logo-2-300x89.png\" alt='' title='dcba_logo'  height=\"89\" width=\"300\"  itemprop=\"thumbnailUrl\" srcset=\"https:\/\/dcbygoganlaeg.dk\/wp-content\/uploads\/2024\/10\/dcba_logo-2-300x89.png 300w, https:\/\/dcbygoganlaeg.dk\/wp-content\/uploads\/2024\/10\/dcba_logo-2.png 597w\" sizes=\"(max-width: 300px) 100vw, 300px\" \/><\/div><\/div><\/div><br \/>\n\n<style type=\"text\/css\" data-created_by=\"avia_inline_auto\" id=\"style-css-av-m2m2rtz9-51a6610d6febd0ade207eb7786ae416c\">\n#top .av-special-heading.av-m2m2rtz9-51a6610d6febd0ade207eb7786ae416c{\npadding-bottom:10px;\n}\nbody .av-special-heading.av-m2m2rtz9-51a6610d6febd0ade207eb7786ae416c .av-special-heading-tag .heading-char{\nfont-size:25px;\n}\n.av-special-heading.av-m2m2rtz9-51a6610d6febd0ade207eb7786ae416c .av-subheading{\nfont-size:15px;\n}\n<\/style>\n<div  class='av-special-heading av-m2m2rtz9-51a6610d6febd0ade207eb7786ae416c av-special-heading-h2 blockquote modern-quote modern-centered  avia-builder-el-2  el_after_av_image  avia-builder-el-last '><h2 class='av-special-heading-tag'  itemprop=\"headline\"  >Vi bygger n\u00e6sten alt i fagentrepriser<\/h2><div class='av-subheading av-subheading_below'><p>Beton arbejde &#8211; T\u00f8mrer arbejde &#8211; Anl\u00e6gsarbejde<\/p>\n<\/div><div class=\"special-heading-border\"><div class=\"special-heading-inner-border\"><\/div><\/div><\/div><\/p><\/div>\n\n<style type=\"text\/css\" data-created_by=\"avia_inline_auto\" id=\"style-css-av-m2m34nvx-d154d02997bc95aab6d7b46dfec09e96\">\n.flex_column.av-m2m34nvx-d154d02997bc95aab6d7b46dfec09e96{\nborder-radius:10px 10px 10px 10px;\npadding:10px 10px 10px 10px;\nbackground-color:#165665;\n}\n<\/style>\n<div  class='flex_column av-m2m34nvx-d154d02997bc95aab6d7b46dfec09e96 av_one_third  avia-builder-el-3  el_after_av_one_full  el_before_av_two_third  first flex_column_div  column-top-margin'     ><style type=\"text\/css\" data-created_by=\"avia_inline_auto\" id=\"style-css-av-1dn1v-8939f423f2b7b5e096ca5f40c7415ae6\">\n#top .av_textblock_section.av-1dn1v-8939f423f2b7b5e096ca5f40c7415ae6 .avia_textblock{\nfont-size:16px;\ncolor:#f4fced;\ntext-align:center;\n}\n<\/style>\n<section  class='av_textblock_section av-1dn1v-8939f423f2b7b5e096ca5f40c7415ae6 '   itemscope=\"itemscope\" itemtype=\"https:\/\/schema.org\/CreativeWork\" ><div class='avia_textblock av_inherit_color'  itemprop=\"text\" ><p>Har i et projekt? Lad os give et uforpligtende tilbud.<\/p>\n<p>Ring i dag og lad os f\u00e5 en snak om jeres n\u00e6ste projekt:<br \/>\nTlf. 2444 1951<\/p>\n<\/div><\/section><\/div>\n<div  class='flex_column av-zoyv-d4249525d3a43805aab791f6eb28db6e av_two_third  avia-builder-el-5  el_after_av_one_third  el_before_av_one_full  flex_column_div  column-top-margin'     ><style type=\"text\/css\" data-created_by=\"avia_inline_auto\" id=\"style-css-av-3k3n-c665da5552366905b2d91f91ff5af5f2\">\n#top .avia-gallery.av-3k3n-c665da5552366905b2d91f91ff5af5f2 .avia-gallery-thumb a{\nwidth:33.3333%;\n}\n<\/style>\n<div  class='avia-gallery av-3k3n-c665da5552366905b2d91f91ff5af5f2 avia_animate_when_visible  avia-builder-el-6  avia-builder-el-no-sibling  avia_lazyload avia-gallery-animate avia-gallery-1'  itemprop=\"image\" itemscope=\"itemscope\" itemtype=\"https:\/\/schema.org\/ImageObject\" ><meta itemprop=\"contentURL\" content=\"https:\/\/dcbygoganlaeg.dk\/\"><div class='avia-gallery-thumb'><a href=\"https:\/\/dcbygoganlaeg.dk\/wp-content\/uploads\/2024\/10\/1-773x1030.jpg\" data-srcset=\"https:\/\/dcbygoganlaeg.dk\/wp-content\/uploads\/2024\/10\/1-773x1030.jpg 773w, https:\/\/dcbygoganlaeg.dk\/wp-content\/uploads\/2024\/10\/1-225x300.jpg 225w, https:\/\/dcbygoganlaeg.dk\/wp-content\/uploads\/2024\/10\/1-768x1024.jpg 768w, https:\/\/dcbygoganlaeg.dk\/wp-content\/uploads\/2024\/10\/1-1152x1536.jpg 1152w, https:\/\/dcbygoganlaeg.dk\/wp-content\/uploads\/2024\/10\/1-1536x2048.jpg 1536w, https:\/\/dcbygoganlaeg.dk\/wp-content\/uploads\/2024\/10\/1-1125x1500.jpg 1125w, https:\/\/dcbygoganlaeg.dk\/wp-content\/uploads\/2024\/10\/1-529x705.jpg 529w, https:\/\/dcbygoganlaeg.dk\/wp-content\/uploads\/2024\/10\/1-scaled.jpg 1920w\" data-sizes=\"(max-width: 773px) 100vw, 773px\" data-rel='gallery-1' data-prev-img='https:\/\/dcbygoganlaeg.dk\/wp-content\/uploads\/2024\/10\/1-495x400.jpg' class='first_thumb lightbox ' data-onclick='1' title='1'  itemprop=\"thumbnailUrl\"  ><img decoding=\"async\" fetchpriority=\"high\" class=\"wp-image-33 avia-img-lazy-loading-not-33\"   src=\"https:\/\/dcbygoganlaeg.dk\/wp-content\/uploads\/2024\/10\/1-710x375.jpg\" width=\"710\" height=\"375\"  title='1' alt='' \/><div class='big-prev-fake'><img decoding=\"async\" loading=\"lazy\" class=\"wp-image-33 avia-img-lazy-loading-33\"  width=\"495\" height=\"400\" src=\"https:\/\/dcbygoganlaeg.dk\/wp-content\/uploads\/2024\/10\/1-495x400.jpg\" title='1' alt='' srcset=\"https:\/\/dcbygoganlaeg.dk\/wp-content\/uploads\/2024\/10\/1-495x400.jpg 495w, https:\/\/dcbygoganlaeg.dk\/wp-content\/uploads\/2024\/10\/1-845x684.jpg 845w\" sizes=\"auto, (max-width: 495px) 100vw, 495px\" \/><\/div><\/a><a href=\"https:\/\/dcbygoganlaeg.dk\/wp-content\/uploads\/2024\/10\/4-773x1030.jpg\" data-srcset=\"https:\/\/dcbygoganlaeg.dk\/wp-content\/uploads\/2024\/10\/4-773x1030.jpg 773w, https:\/\/dcbygoganlaeg.dk\/wp-content\/uploads\/2024\/10\/4-225x300.jpg 225w, https:\/\/dcbygoganlaeg.dk\/wp-content\/uploads\/2024\/10\/4-768x1024.jpg 768w, https:\/\/dcbygoganlaeg.dk\/wp-content\/uploads\/2024\/10\/4-1152x1536.jpg 1152w, https:\/\/dcbygoganlaeg.dk\/wp-content\/uploads\/2024\/10\/4-1536x2048.jpg 1536w, https:\/\/dcbygoganlaeg.dk\/wp-content\/uploads\/2024\/10\/4-1125x1500.jpg 1125w, https:\/\/dcbygoganlaeg.dk\/wp-content\/uploads\/2024\/10\/4-529x705.jpg 529w, https:\/\/dcbygoganlaeg.dk\/wp-content\/uploads\/2024\/10\/4-scaled.jpg 1920w\" data-sizes=\"(max-width: 773px) 100vw, 773px\" data-rel='gallery-1' data-prev-img='https:\/\/dcbygoganlaeg.dk\/wp-content\/uploads\/2024\/10\/4-495x400.jpg' class='lightbox ' data-onclick='2' title='4'  itemprop=\"thumbnailUrl\"  ><img decoding=\"async\" fetchpriority=\"high\" class=\"wp-image-36 avia-img-lazy-loading-not-36\"   src=\"https:\/\/dcbygoganlaeg.dk\/wp-content\/uploads\/2024\/10\/4-710x375.jpg\" width=\"710\" height=\"375\"  title='4' alt='' \/><div class='big-prev-fake'><img decoding=\"async\" loading=\"lazy\" class=\"wp-image-36 avia-img-lazy-loading-36\"  width=\"495\" height=\"400\" src=\"https:\/\/dcbygoganlaeg.dk\/wp-content\/uploads\/2024\/10\/4-495x400.jpg\" title='4' alt='' srcset=\"https:\/\/dcbygoganlaeg.dk\/wp-content\/uploads\/2024\/10\/4-495x400.jpg 495w, https:\/\/dcbygoganlaeg.dk\/wp-content\/uploads\/2024\/10\/4-845x684.jpg 845w\" sizes=\"auto, (max-width: 495px) 100vw, 495px\" \/><\/div><\/a><a href=\"https:\/\/dcbygoganlaeg.dk\/wp-content\/uploads\/2024\/10\/2-773x1030.jpg\" data-srcset=\"https:\/\/dcbygoganlaeg.dk\/wp-content\/uploads\/2024\/10\/2-773x1030.jpg 773w, https:\/\/dcbygoganlaeg.dk\/wp-content\/uploads\/2024\/10\/2-225x300.jpg 225w, https:\/\/dcbygoganlaeg.dk\/wp-content\/uploads\/2024\/10\/2-768x1024.jpg 768w, https:\/\/dcbygoganlaeg.dk\/wp-content\/uploads\/2024\/10\/2-1152x1536.jpg 1152w, https:\/\/dcbygoganlaeg.dk\/wp-content\/uploads\/2024\/10\/2-1536x2048.jpg 1536w, https:\/\/dcbygoganlaeg.dk\/wp-content\/uploads\/2024\/10\/2-1125x1500.jpg 1125w, https:\/\/dcbygoganlaeg.dk\/wp-content\/uploads\/2024\/10\/2-529x705.jpg 529w, https:\/\/dcbygoganlaeg.dk\/wp-content\/uploads\/2024\/10\/2-scaled.jpg 1920w\" data-sizes=\"(max-width: 773px) 100vw, 773px\" data-rel='gallery-1' data-prev-img='https:\/\/dcbygoganlaeg.dk\/wp-content\/uploads\/2024\/10\/2-495x400.jpg' class='lightbox ' data-onclick='3' title='2'  itemprop=\"thumbnailUrl\"  ><img decoding=\"async\" fetchpriority=\"high\" class=\"wp-image-34 avia-img-lazy-loading-not-34\"   src=\"https:\/\/dcbygoganlaeg.dk\/wp-content\/uploads\/2024\/10\/2-710x375.jpg\" width=\"710\" height=\"375\"  title='2' alt='' \/><div class='big-prev-fake'><img decoding=\"async\" loading=\"lazy\" class=\"wp-image-34 avia-img-lazy-loading-34\"  width=\"495\" height=\"400\" src=\"https:\/\/dcbygoganlaeg.dk\/wp-content\/uploads\/2024\/10\/2-495x400.jpg\" title='2' alt='' srcset=\"https:\/\/dcbygoganlaeg.dk\/wp-content\/uploads\/2024\/10\/2-495x400.jpg 495w, https:\/\/dcbygoganlaeg.dk\/wp-content\/uploads\/2024\/10\/2-845x684.jpg 845w\" sizes=\"auto, (max-width: 495px) 100vw, 495px\" \/><\/div><\/a><a href=\"https:\/\/dcbygoganlaeg.dk\/wp-content\/uploads\/2024\/10\/5-773x1030.jpg\" data-srcset=\"https:\/\/dcbygoganlaeg.dk\/wp-content\/uploads\/2024\/10\/5-773x1030.jpg 773w, https:\/\/dcbygoganlaeg.dk\/wp-content\/uploads\/2024\/10\/5-225x300.jpg 225w, https:\/\/dcbygoganlaeg.dk\/wp-content\/uploads\/2024\/10\/5-768x1024.jpg 768w, https:\/\/dcbygoganlaeg.dk\/wp-content\/uploads\/2024\/10\/5-1152x1536.jpg 1152w, https:\/\/dcbygoganlaeg.dk\/wp-content\/uploads\/2024\/10\/5-1536x2048.jpg 1536w, https:\/\/dcbygoganlaeg.dk\/wp-content\/uploads\/2024\/10\/5-1125x1500.jpg 1125w, https:\/\/dcbygoganlaeg.dk\/wp-content\/uploads\/2024\/10\/5-529x705.jpg 529w, https:\/\/dcbygoganlaeg.dk\/wp-content\/uploads\/2024\/10\/5-scaled.jpg 1920w\" data-sizes=\"(max-width: 773px) 100vw, 773px\" data-rel='gallery-1' data-prev-img='https:\/\/dcbygoganlaeg.dk\/wp-content\/uploads\/2024\/10\/5-495x400.jpg' class='first_thumb lightbox ' data-onclick='4' title='5'  itemprop=\"thumbnailUrl\"  ><img decoding=\"async\" fetchpriority=\"high\" class=\"wp-image-37 avia-img-lazy-loading-not-37\"   src=\"https:\/\/dcbygoganlaeg.dk\/wp-content\/uploads\/2024\/10\/5-710x375.jpg\" width=\"710\" height=\"375\"  title='5' alt='' \/><div class='big-prev-fake'><img decoding=\"async\" loading=\"lazy\" class=\"wp-image-37 avia-img-lazy-loading-37\"  width=\"495\" height=\"400\" src=\"https:\/\/dcbygoganlaeg.dk\/wp-content\/uploads\/2024\/10\/5-495x400.jpg\" title='5' alt='' srcset=\"https:\/\/dcbygoganlaeg.dk\/wp-content\/uploads\/2024\/10\/5-495x400.jpg 495w, https:\/\/dcbygoganlaeg.dk\/wp-content\/uploads\/2024\/10\/5-845x684.jpg 845w\" sizes=\"auto, (max-width: 495px) 100vw, 495px\" \/><\/div><\/a><a href=\"https:\/\/dcbygoganlaeg.dk\/wp-content\/uploads\/2024\/10\/3-773x1030.jpg\" data-srcset=\"https:\/\/dcbygoganlaeg.dk\/wp-content\/uploads\/2024\/10\/3-773x1030.jpg 773w, https:\/\/dcbygoganlaeg.dk\/wp-content\/uploads\/2024\/10\/3-225x300.jpg 225w, https:\/\/dcbygoganlaeg.dk\/wp-content\/uploads\/2024\/10\/3-768x1024.jpg 768w, https:\/\/dcbygoganlaeg.dk\/wp-content\/uploads\/2024\/10\/3-1152x1536.jpg 1152w, https:\/\/dcbygoganlaeg.dk\/wp-content\/uploads\/2024\/10\/3-1536x2048.jpg 1536w, https:\/\/dcbygoganlaeg.dk\/wp-content\/uploads\/2024\/10\/3-1125x1500.jpg 1125w, https:\/\/dcbygoganlaeg.dk\/wp-content\/uploads\/2024\/10\/3-529x705.jpg 529w, https:\/\/dcbygoganlaeg.dk\/wp-content\/uploads\/2024\/10\/3-scaled.jpg 1920w\" data-sizes=\"(max-width: 773px) 100vw, 773px\" data-rel='gallery-1' data-prev-img='https:\/\/dcbygoganlaeg.dk\/wp-content\/uploads\/2024\/10\/3-495x400.jpg' class='lightbox ' data-onclick='5' title='3'  itemprop=\"thumbnailUrl\"  ><img decoding=\"async\" fetchpriority=\"high\" class=\"wp-image-35 avia-img-lazy-loading-not-35\"   src=\"https:\/\/dcbygoganlaeg.dk\/wp-content\/uploads\/2024\/10\/3-710x375.jpg\" width=\"710\" height=\"375\"  title='3' alt='' \/><div class='big-prev-fake'><img decoding=\"async\" loading=\"lazy\" class=\"wp-image-35 avia-img-lazy-loading-35\"  width=\"495\" height=\"400\" src=\"https:\/\/dcbygoganlaeg.dk\/wp-content\/uploads\/2024\/10\/3-495x400.jpg\" title='3' alt='' srcset=\"https:\/\/dcbygoganlaeg.dk\/wp-content\/uploads\/2024\/10\/3-495x400.jpg 495w, https:\/\/dcbygoganlaeg.dk\/wp-content\/uploads\/2024\/10\/3-845x684.jpg 845w\" sizes=\"auto, (max-width: 495px) 100vw, 495px\" \/><\/div><\/a><a href=\"https:\/\/dcbygoganlaeg.dk\/wp-content\/uploads\/2024\/10\/ed-773x1030.jpg\" data-srcset=\"https:\/\/dcbygoganlaeg.dk\/wp-content\/uploads\/2024\/10\/ed-773x1030.jpg 773w, https:\/\/dcbygoganlaeg.dk\/wp-content\/uploads\/2024\/10\/ed-225x300.jpg 225w, https:\/\/dcbygoganlaeg.dk\/wp-content\/uploads\/2024\/10\/ed-768x1024.jpg 768w, https:\/\/dcbygoganlaeg.dk\/wp-content\/uploads\/2024\/10\/ed-1152x1536.jpg 1152w, https:\/\/dcbygoganlaeg.dk\/wp-content\/uploads\/2024\/10\/ed-1536x2048.jpg 1536w, https:\/\/dcbygoganlaeg.dk\/wp-content\/uploads\/2024\/10\/ed-1125x1500.jpg 1125w, https:\/\/dcbygoganlaeg.dk\/wp-content\/uploads\/2024\/10\/ed-529x705.jpg 529w, https:\/\/dcbygoganlaeg.dk\/wp-content\/uploads\/2024\/10\/ed-scaled.jpg 1920w\" data-sizes=\"(max-width: 773px) 100vw, 773px\" data-rel='gallery-1' data-prev-img='https:\/\/dcbygoganlaeg.dk\/wp-content\/uploads\/2024\/10\/ed-495x400.jpg' class='lightbox ' data-onclick='6' title='ed'  itemprop=\"thumbnailUrl\"  ><img decoding=\"async\" fetchpriority=\"high\" class=\"wp-image-38 avia-img-lazy-loading-not-38\"   src=\"https:\/\/dcbygoganlaeg.dk\/wp-content\/uploads\/2024\/10\/ed-710x375.jpg\" width=\"710\" height=\"375\"  title='ed' alt='' \/><div class='big-prev-fake'><img decoding=\"async\" loading=\"lazy\" class=\"wp-image-38 avia-img-lazy-loading-38\"  width=\"495\" height=\"400\" src=\"https:\/\/dcbygoganlaeg.dk\/wp-content\/uploads\/2024\/10\/ed-495x400.jpg\" title='ed' alt='' srcset=\"https:\/\/dcbygoganlaeg.dk\/wp-content\/uploads\/2024\/10\/ed-495x400.jpg 495w, https:\/\/dcbygoganlaeg.dk\/wp-content\/uploads\/2024\/10\/ed-845x684.jpg 845w\" sizes=\"auto, (max-width: 495px) 100vw, 495px\" \/><\/div><\/a><a href=\"https:\/\/dcbygoganlaeg.dk\/wp-content\/uploads\/2024\/10\/SBZF0253-773x1030.jpg\" data-srcset=\"https:\/\/dcbygoganlaeg.dk\/wp-content\/uploads\/2024\/10\/SBZF0253-773x1030.jpg 773w, https:\/\/dcbygoganlaeg.dk\/wp-content\/uploads\/2024\/10\/SBZF0253-225x300.jpg 225w, https:\/\/dcbygoganlaeg.dk\/wp-content\/uploads\/2024\/10\/SBZF0253-768x1023.jpg 768w, https:\/\/dcbygoganlaeg.dk\/wp-content\/uploads\/2024\/10\/SBZF0253-1153x1536.jpg 1153w, https:\/\/dcbygoganlaeg.dk\/wp-content\/uploads\/2024\/10\/SBZF0253-1538x2048.jpg 1538w, https:\/\/dcbygoganlaeg.dk\/wp-content\/uploads\/2024\/10\/SBZF0253-1126x1500.jpg 1126w, https:\/\/dcbygoganlaeg.dk\/wp-content\/uploads\/2024\/10\/SBZF0253-529x705.jpg 529w, https:\/\/dcbygoganlaeg.dk\/wp-content\/uploads\/2024\/10\/SBZF0253-scaled.jpg 1922w\" data-sizes=\"(max-width: 773px) 100vw, 773px\" data-rel='gallery-1' data-prev-img='https:\/\/dcbygoganlaeg.dk\/wp-content\/uploads\/2024\/10\/SBZF0253-495x400.jpg' class='first_thumb lightbox ' data-onclick='7' title='SBZF0253'  itemprop=\"thumbnailUrl\"  ><img decoding=\"async\" fetchpriority=\"high\" class=\"wp-image-39 avia-img-lazy-loading-not-39\"   src=\"https:\/\/dcbygoganlaeg.dk\/wp-content\/uploads\/2024\/10\/SBZF0253-710x375.jpg\" width=\"710\" height=\"375\"  title='SBZF0253' alt='' \/><div class='big-prev-fake'><img decoding=\"async\" loading=\"lazy\" class=\"wp-image-39 avia-img-lazy-loading-39\"  width=\"495\" height=\"400\" src=\"https:\/\/dcbygoganlaeg.dk\/wp-content\/uploads\/2024\/10\/SBZF0253-495x400.jpg\" title='SBZF0253' alt='' srcset=\"https:\/\/dcbygoganlaeg.dk\/wp-content\/uploads\/2024\/10\/SBZF0253-495x400.jpg 495w, https:\/\/dcbygoganlaeg.dk\/wp-content\/uploads\/2024\/10\/SBZF0253-845x684.jpg 845w\" sizes=\"auto, (max-width: 495px) 100vw, 495px\" \/><\/div><\/a><\/div><\/div><\/div>\n<div  class='flex_column av-3mc7-867397f446d1fc70d71c9d630f3e47c2 av_one_full  avia-builder-el-7  el_after_av_two_third  avia-builder-el-last  first flex_column_div  column-top-margin'     ><section  class='av_textblock_section av-m2m33h4k-01a8a38eb6bc3f2dbffd5214ec5f3ad7 '   itemscope=\"itemscope\" itemtype=\"https:\/\/schema.org\/CreativeWork\" ><div class='avia_textblock'  itemprop=\"text\" ><p style=\"text-align: center;\"><span style=\"font-size: 1.6em; font-weight: bold;\">DC<\/span> byg &amp; anl\u00e6g &#8211; \u00c5v\u00e6nget 28 &#8211; DK 5853 \u00d8rb\u00e6k<br \/>\nTlf: +45 2444 1951 &#8211; CVR: 26290333 &#8211; Web: <a href=\"https:\/\/www.dcbygoganlaeg.dk\">www.dcbygoganlaeg.dk<\/a> &#8211; E-mail: <a href=\"mailto:dc@dcbygoganlaeg.dk\">dc@dcbygoganlaeg.dk<\/a><\/p>\n<\/div><\/section><\/div>\n","protected":false},"excerpt":{"rendered":"","protected":false},"author":1,"featured_media":0,"parent":0,"menu_order":0,"comment_status":"closed","ping_status":"closed","template":"template-blank.php","meta":{"footnotes":""},"class_list":["post-19","page","type-page","status-publish","hentry"],"_links":{"self":[{"href":"https:\/\/dcbygoganlaeg.dk\/index.php?rest_route=\/wp\/v2\/pages\/19","targetHints":{"allow":["GET"]}}],"collection":[{"href":"https:\/\/dcbygoganlaeg.dk\/index.php?rest_route=\/wp\/v2\/pages"}],"about":[{"href":"https:\/\/dcbygoganlaeg.dk\/index.php?rest_route=\/wp\/v2\/types\/page"}],"author":[{"embeddable":true,"href":"https:\/\/dcbygoganlaeg.dk\/index.php?rest_route=\/wp\/v2\/users\/1"}],"replies":[{"embeddable":true,"href":"https:\/\/dcbygoganlaeg.dk\/index.php?rest_route=%2Fwp%2Fv2%2Fcomments&post=19"}],"version-history":[{"count":21,"href":"https:\/\/dcbygoganlaeg.dk\/index.php?rest_route=\/wp\/v2\/pages\/19\/revisions"}],"predecessor-version":[{"id":50,"href":"https:\/\/dcbygoganlaeg.dk\/index.php?rest_route=\/wp\/v2\/pages\/19\/revisions\/50"}],"wp:attachment":[{"href":"https:\/\/dcbygoganlaeg.dk\/index.php?rest_route=%2Fwp%2Fv2%2Fmedia&parent=19"}],"curies":[{"name":"wp","href":"https:\/\/api.w.org\/{rel}","templated":true}]}}